{"id":3980,"date":"2026-02-17T22:44:03","date_gmt":"2026-02-17T21:44:03","guid":{"rendered":"https:\/\/www.hotelbenini.it\/?page_id=3980"},"modified":"2026-02-23T11:35:27","modified_gmt":"2026-02-23T10:35:27","slug":"faq","status":"publish","type":"page","link":"https:\/\/www.hotelbenini.it\/it\/faq\/","title":{"rendered":"F.A.Q. &#8211; Domande Frequenti"},"content":{"rendered":"\n<p>Stai pensando di prenotare la tua vacanza all&#8217;Hotel Benini ma vuoi qualche informazione in pi\u00f9? In questa pagina trovi alcune informazioni utili per il tuo soggiorno come: orari di check-in e check-out, servizi inclusi, parcheggio, spiaggia, animali e condizioni di prenotazione.<\/p>\n\n\n\n<h2 class=\"wp-block-heading\">\ud83c\udfe8 Soggiornare all&#8217;Hotel Benini<\/h2>\n\n\n\n<div class=\"wp-block-getwid-accordion has-icon-left\" data-active-element=\"none\">\n<div class=\"wp-block-getwid-accordion__header-wrapper\"><span class=\"wp-block-getwid-accordion__header\"><a href=\"#\"><span class=\"wp-block-getwid-accordion__header-title\">Cosa \u00e8 incluso nel soggiorno?<\/span><span class=\"wp-block-getwid-accordion__icon is-active\"><i class=\"fas fa-plus\"><\/i><\/span><span class=\"wp-block-getwid-accordion__icon is-passive\"><i class=\"fas fa-minus\"><\/i><\/span><\/a><\/span><\/div><div class=\"wp-block-getwid-accordion__content-wrapper\"><div class=\"wp-block-getwid-accordion__content\">\n<ul class=\"wp-block-list\">\n<li><strong>Soggiorno nella camera prescelta con il trattamento scelto<\/strong>, comprensivo di tutti i servizi previsti (bevande escluse)<\/li>\n\n\n\n<li><strong>Ristorante interno con una meravigliosa vista del mare<\/strong>, con menu del giorno preparati dal nostro Chef utilizzando ingredienti freschi e stagionali, e possibilit\u00e0 di menu dedicati per intolleranze alimentari, esigenze particolari o regimi specifici (su richiesta) &#8211; solo in trattamento di mezza o pensione completa<\/li>\n\n\n\n<li><strong>Colazione gourmet dolce e salata<\/strong>, con ricco buffet di prodotti freschi, torte fatte in casa, proposte salate, frutta, yogurt e specialit\u00e0 selezionate, con particolare attenzione alla qualit\u00e0 delle materie prime<\/li>\n<\/ul>\n<\/div><\/div>\n<\/div>\n\n\n\n<div class=\"wp-block-getwid-accordion has-icon-left\" data-active-element=\"none\">\n<div class=\"wp-block-getwid-accordion__header-wrapper\"><span class=\"wp-block-getwid-accordion__header\"><a href=\"#\"><span class=\"wp-block-getwid-accordion__header-title\">Sono inclusi teli mare e piscina?<\/span><span class=\"wp-block-getwid-accordion__icon is-active\"><i class=\"fas fa-plus\"><\/i><\/span><span class=\"wp-block-getwid-accordion__icon is-passive\"><i class=\"fas fa-minus\"><\/i><\/span><\/a><\/span><\/div><div class=\"wp-block-getwid-accordion__content-wrapper\"><div class=\"wp-block-getwid-accordion__content\">\n<p>S\u00ec, i&nbsp;<strong>teli mare<\/strong>&nbsp;vengono forniti contestualmente al&nbsp;<strong>voucher della spiaggia<\/strong>, previo deposito della cauzione.<\/p>\n\n\n\n<p>La piscina \u00e8 sempre accessibile agli ospiti, \u00e8 esterna con area riservata ai pi\u00f9 piccoli.<\/p>\n<\/div><\/div>\n<\/div>\n\n\n\n<div class=\"wp-block-getwid-accordion has-icon-left\" data-active-element=\"none\">\n<div class=\"wp-block-getwid-accordion__header-wrapper\"><span class=\"wp-block-getwid-accordion__header\"><a href=\"#\"><span class=\"wp-block-getwid-accordion__header-title\">Perch\u00e9 prenotare direttamente con noi?<\/span><span class=\"wp-block-getwid-accordion__icon is-active\"><i class=\"fas fa-plus\"><\/i><\/span><span class=\"wp-block-getwid-accordion__icon is-passive\"><i class=\"fas fa-minus\"><\/i><\/span><\/a><\/span><\/div><div class=\"wp-block-getwid-accordion__content-wrapper\"><div class=\"wp-block-getwid-accordion__content\">\n<ul class=\"wp-block-list\">\n<li>Le nostre segretarie sono sempre a vostra disposizione per qualsiasi richiesta<\/li>\n\n\n\n<li>Miglior prezzo garantito con accesso ad offerte e tariffe esclusive<\/li>\n\n\n\n<li>Prenotazione facile e sicura<\/li>\n<\/ul>\n<\/div><\/div>\n<\/div>\n\n\n\n<div class=\"wp-block-getwid-accordion has-icon-left\" data-active-element=\"none\">\n<div class=\"wp-block-getwid-accordion__header-wrapper\"><span class=\"wp-block-getwid-accordion__header\"><a href=\"#\"><span class=\"wp-block-getwid-accordion__header-title\">Come posso prenotare?<\/span><span class=\"wp-block-getwid-accordion__icon is-active\"><i class=\"fas fa-plus\"><\/i><\/span><span class=\"wp-block-getwid-accordion__icon is-passive\"><i class=\"fas fa-minus\"><\/i><\/span><\/a><\/span><\/div><div class=\"wp-block-getwid-accordion__content-wrapper\"><div class=\"wp-block-getwid-accordion__content\">\n<ul class=\"wp-block-list\">\n<li>Online sul nostro sito<\/li>\n\n\n\n<li>Inviandoci una mail all\u2019indirizzo&nbsp;<a href=\"mailto:info@mimaclubhotel.it\" target=\"_blank\" rel=\"noreferrer noopener\">info@hotelbenini.it<\/a><\/li>\n\n\n\n<li>Telefonando al numero: <a href=\"tel:\" type=\"tel\" id=\"tel:\">+39 0544 994755<\/a> (\u00e8 anche Whatsapp!)<\/li>\n\n\n\n<li>Compliance il modulo di richiesta che trovi sul nostro sito<\/li>\n<\/ul>\n<\/div><\/div>\n<\/div>\n\n\n\n<h2 class=\"wp-block-heading\">\ud83d\udd51 Check-in e Check-out<\/h2>\n\n\n\n<div class=\"wp-block-getwid-accordion has-icon-left\" data-active-element=\"none\">\n<div class=\"wp-block-getwid-accordion__header-wrapper\"><span class=\"wp-block-getwid-accordion__header\"><a href=\"#\"><span class=\"wp-block-getwid-accordion__header-title\">Quali sono gli orari di check-in e check-out?<\/span><span class=\"wp-block-getwid-accordion__icon is-active\"><i class=\"fas fa-plus\"><\/i><\/span><span class=\"wp-block-getwid-accordion__icon is-passive\"><i class=\"fas fa-minus\"><\/i><\/span><\/a><\/span><\/div><div class=\"wp-block-getwid-accordion__content-wrapper\"><div class=\"wp-block-getwid-accordion__content\">\n<p><strong>Check-in:<\/strong>&nbsp;dalle ore 14:00<\/p>\n\n\n\n<p><strong>Check-out:<\/strong>&nbsp;entro le ore 10:00<\/p>\n\n\n\n<p>Contattaci in anticipo per maggiori informazioni o per organizzare un&nbsp;<strong>early check-in<\/strong>&nbsp;o&nbsp;<strong>late check-out<\/strong> (extra).<\/p>\n<\/div><\/div>\n<\/div>\n\n\n\n<div class=\"wp-block-getwid-accordion has-icon-left\" data-active-element=\"none\">\n<div class=\"wp-block-getwid-accordion__header-wrapper\"><span class=\"wp-block-getwid-accordion__header\"><a href=\"#\"><span class=\"wp-block-getwid-accordion__header-title\">Se arrivo tardi c\u2019\u00e8 qualcuno?<\/span><span class=\"wp-block-getwid-accordion__icon is-active\"><i class=\"fas fa-plus\"><\/i><\/span><span class=\"wp-block-getwid-accordion__icon is-passive\"><i class=\"fas fa-minus\"><\/i><\/span><\/a><\/span><\/div><div class=\"wp-block-getwid-accordion__content-wrapper\"><div class=\"wp-block-getwid-accordion__content\">\n<p>L\u2019albergo \u00e8 sempre aperto, 24h\/7, ci sar\u00e0 sempre qualcuno ad accoglierti!<\/p>\n<\/div><\/div>\n<\/div>\n\n\n\n<div class=\"wp-block-getwid-accordion has-icon-left\" data-active-element=\"none\">\n<div class=\"wp-block-getwid-accordion__header-wrapper\"><span class=\"wp-block-getwid-accordion__header\"><a href=\"#\"><span class=\"wp-block-getwid-accordion__header-title\">Se arrivo prima o voglio partire pi\u00f9 tardi?<\/span><span class=\"wp-block-getwid-accordion__icon is-active\"><i class=\"fas fa-plus\"><\/i><\/span><span class=\"wp-block-getwid-accordion__icon is-passive\"><i class=\"fas fa-minus\"><\/i><\/span><\/a><\/span><\/div><div class=\"wp-block-getwid-accordion__content-wrapper\"><div class=\"wp-block-getwid-accordion__content\">\n<p>Se arrivi prima dell\u2019orario previsto o desideri posticipare la partenza, saremo lieti di accogliere la tua richiesta in base alla disponibilit\u00e0.<\/p>\n\n\n\n<p>Inoltre \u00e8 disponibile un deposito bagagli presso la reception per goderti fino all&#8217;ultimo raggio di sole.<\/p>\n<\/div><\/div>\n<\/div>\n\n\n\n<h2 class=\"wp-block-heading\">\ud83d\udccd Parcheggio e Arrivo<\/h2>\n\n\n\n<div class=\"wp-block-getwid-accordion has-icon-left\" data-active-element=\"none\">\n<div class=\"wp-block-getwid-accordion__header-wrapper\"><span class=\"wp-block-getwid-accordion__header\"><a href=\"#\"><span class=\"wp-block-getwid-accordion__header-title\">Avete parcheggio per auto?<\/span><span class=\"wp-block-getwid-accordion__icon is-active\"><i class=\"fas fa-plus\"><\/i><\/span><span class=\"wp-block-getwid-accordion__icon is-passive\"><i class=\"fas fa-minus\"><\/i><\/span><\/a><\/span><\/div><div class=\"wp-block-getwid-accordion__content-wrapper\"><div class=\"wp-block-getwid-accordion__content\">\n<p>S\u00ec, offriamo due soluzioni per il parcheggio della vostra auto:<\/p>\n\n\n\n<ul class=\"wp-block-list\">\n<li>Parcheggio interno scoperto non custodito fino ad esaurimento posti a \u20ac15 al giorno per auto<\/li>\n\n\n\n<li>Parcheggio sulle&nbsp;<a href=\"https:\/\/archivio.comunecervia.it\/citta\/soste-e-parcheggi\/periodi-orari-e-tariffe.html\">strisce blu<\/a>&nbsp;per strada tramite contrassegno digitale a \u20ac9 al giorno per auto<\/li>\n<\/ul>\n<\/div><\/div>\n<\/div>\n\n\n\n<div class=\"wp-block-getwid-accordion has-icon-left\" data-active-element=\"none\">\n<div class=\"wp-block-getwid-accordion__header-wrapper\"><span class=\"wp-block-getwid-accordion__header\"><a href=\"#\"><span class=\"wp-block-getwid-accordion__header-title\">Come posso raggiungervi?<\/span><span class=\"wp-block-getwid-accordion__icon is-active\"><i class=\"fas fa-plus\"><\/i><\/span><span class=\"wp-block-getwid-accordion__icon is-passive\"><i class=\"fas fa-minus\"><\/i><\/span><\/a><\/span><\/div><div class=\"wp-block-getwid-accordion__content-wrapper\"><div class=\"wp-block-getwid-accordion__content\">\n<p>In auto: l&#8217;Hotel Benini si trova alla <a href=\"https:\/\/maps.app.goo.gl\/zVpSfvtkf9HBnFh39\" type=\"link\" id=\"https:\/\/maps.app.goo.gl\/zVpSfvtkf9HBnFh39\">Viale XII Traversa Pineta 16<\/a>.<\/p>\n\n\n\n<p>In treno: la stazione ferroviaria di riferimento \u00e8&nbsp;<strong>Cervia \u2013 Milano Marittima<\/strong>, collegata alle principali citt\u00e0 italiane.<\/p>\n\n\n\n<p>In aereo: l\u2019aeroporto pi\u00f9 comodo \u00e8&nbsp;<strong>Aeroporto Guglielmo Marconi di Bologna (BLQ)<\/strong> con collegamenti ferroviari, taxi e shuttle.<\/p>\n<\/div><\/div>\n<\/div>\n\n\n\n<h2 class=\"wp-block-heading\">\ud83c\udf7d\ufe0f Ristorante e Orari dei Pasti<\/h2>\n\n\n\n<div class=\"wp-block-getwid-accordion has-icon-left\" data-active-element=\"none\">\n<div class=\"wp-block-getwid-accordion__header-wrapper\"><span class=\"wp-block-getwid-accordion__header\"><a href=\"#\"><span class=\"wp-block-getwid-accordion__header-title\">Quali sono gli orari di colazione, pranzo e cena?<\/span><span class=\"wp-block-getwid-accordion__icon is-active\"><i class=\"fas fa-plus\"><\/i><\/span><span class=\"wp-block-getwid-accordion__icon is-passive\"><i class=\"fas fa-minus\"><\/i><\/span><\/a><\/span><\/div><div class=\"wp-block-getwid-accordion__content-wrapper\"><div class=\"wp-block-getwid-accordion__content\">\n<p>Colazione: dalle 7:30 alle 10:00. Pranzo: dalle 12:30 alle 14:00. Cena: dalle 19:30 alle 21:00.<\/p>\n\n\n\n<ul class=\"wp-block-list\">\n<li>Colazione: dalle <strong>7:30<\/strong> alle <strong>10:00<\/strong> in veranda e giardino fronte mare.<\/li>\n\n\n\n<li>Pranzo: dalle <strong>12:30<\/strong> alle <strong>14:00<\/strong> in sala ristorante fronte mare.<\/li>\n\n\n\n<li>Cena: dalle <strong>19:30<\/strong> alle <strong>21:00<\/strong> in sala ristorante fronte mare.<\/li>\n<\/ul>\n<\/div><\/div>\n<\/div>\n\n\n\n<div class=\"wp-block-getwid-accordion has-icon-left\" data-active-element=\"none\">\n<div class=\"wp-block-getwid-accordion__header-wrapper\"><span class=\"wp-block-getwid-accordion__header\"><a href=\"#\"><span class=\"wp-block-getwid-accordion__header-title\">Posso richiedere pasti speciali?<\/span><span class=\"wp-block-getwid-accordion__icon is-active\"><i class=\"fas fa-plus\"><\/i><\/span><span class=\"wp-block-getwid-accordion__icon is-passive\"><i class=\"fas fa-minus\"><\/i><\/span><\/a><\/span><\/div><div class=\"wp-block-getwid-accordion__content-wrapper\"><div class=\"wp-block-getwid-accordion__content\">\n<p>S\u00ec, \u00e8 possibile richiedere menu personalizzati per intolleranze o regimi specifici con preavviso.<\/p>\n\n\n\n<p>Per&nbsp;quanto riguarda i cibi&nbsp;senza&nbsp;glutine&nbsp;la nostra&nbsp;cucina&nbsp;\u00e8 attenta alla preparazione di pasti&nbsp;per&nbsp;celiaci&nbsp;rispettando le regole di non contaminazione nella manipolazione dei cibi (uso di stoviglie separate).<\/p>\n\n\n\n<p>Facciamo comunque presente che non abbiamo un ambiente separato in&nbsp;cucina&nbsp;dedicato solo alla preparazione di cibi&nbsp;per&nbsp;celiaci.&nbsp;Sempre a disposizione ci sono pasta, crackers, biscotti, gallette e plumcake.<\/p>\n<\/div><\/div>\n\n\n\n<div class=\"wp-block-getwid-accordion__header-wrapper\"><span class=\"wp-block-getwid-accordion__header\"><a href=\"#\"><span class=\"wp-block-getwid-accordion__header-title\">Ci sono Pappe per i bimbi?<\/span><span class=\"wp-block-getwid-accordion__icon is-active\"><i class=\"fas fa-plus\"><\/i><\/span><span class=\"wp-block-getwid-accordion__icon is-passive\"><i class=\"fas fa-minus\"><\/i><\/span><\/a><\/span><\/div><div class=\"wp-block-getwid-accordion__content-wrapper\"><div class=\"wp-block-getwid-accordion__content\">\n<p>Per i pi\u00f9 piccoli abbiamo sempre a disposizione brodini di carne o vegetali, passati di verdura, e tanto altro: basta chiedere!<\/p>\n\n\n\n<p>Se poi avete creme, pastine od omogeneizzati, che preferite, non dovete far altro che portarli e noi li prepareremo per voi.<\/p>\n<\/div><\/div>\n<\/div>\n\n\n\n<h2 class=\"wp-block-heading\">\ud83c\udf0a Spiaggia e Servizi Balneari<\/h2>\n\n\n\n<div class=\"wp-block-getwid-accordion has-icon-left\" data-active-element=\"none\">\n<div class=\"wp-block-getwid-accordion__header-wrapper\"><span class=\"wp-block-getwid-accordion__header\"><a href=\"#\"><span class=\"wp-block-getwid-accordion__header-title\">Il pacchetto spiaggia \u00e8 incluso?<\/span><span class=\"wp-block-getwid-accordion__icon is-active\"><i class=\"fas fa-plus\"><\/i><\/span><span class=\"wp-block-getwid-accordion__icon is-passive\"><i class=\"fas fa-minus\"><\/i><\/span><\/a><\/span><\/div><div class=\"wp-block-getwid-accordion__content-wrapper\"><div class=\"wp-block-getwid-accordion__content\">\n<p>Alcune tariffe, come indicato nel preventivo, includono nel prezzo il pacchetto spiaggia presso il <a href=\"https:\/\/bagnoholidayvillage.it\" type=\"link\" id=\"https:\/\/bagnoholidayvillage.it\">Bagno Holiday Village<\/a> comprensivo di:<\/p>\n\n\n\n<ul class=\"wp-block-list\">\n<li>1 Ombrellone + 2 Lettini in posizione standard (dalla 5\u00b0 fila)<\/li>\n\n\n\n<li>Accesso alle piscine dello stabilimento balneare<\/li>\n\n\n\n<li>Teli mare forniti dall&#8217;Hotel<\/li>\n<\/ul>\n\n\n\n<p>Il pacchetto spiaggia \u00e8 valido dal giorno di arrivo fino al giorno prima della partenza, salvo accordi diversi.<\/p>\n<\/div><\/div>\n<\/div>\n\n\n\n<div class=\"wp-block-getwid-accordion has-icon-left\" data-active-element=\"none\">\n<div class=\"wp-block-getwid-accordion__header-wrapper\"><span class=\"wp-block-getwid-accordion__header\"><a href=\"#\"><span class=\"wp-block-getwid-accordion__header-title\">Come funziona la consegna dei teli mare?<\/span><span class=\"wp-block-getwid-accordion__icon is-active\"><i class=\"fas fa-plus\"><\/i><\/span><span class=\"wp-block-getwid-accordion__icon is-passive\"><i class=\"fas fa-minus\"><\/i><\/span><\/a><\/span><\/div><div class=\"wp-block-getwid-accordion__content-wrapper\"><div class=\"wp-block-getwid-accordion__content\">\n<p>I teli mare vengono consegnati con il voucher della spiaggia; \u00e8 richiesto un deposito cauzionale.<\/p>\n<\/div><\/div>\n<\/div>\n\n\n\n<div class=\"wp-block-getwid-accordion has-icon-left\" data-active-element=\"none\">\n<div class=\"wp-block-getwid-accordion__header-wrapper\"><span class=\"wp-block-getwid-accordion__header\"><a href=\"#\"><span class=\"wp-block-getwid-accordion__header-title\">C&#8217;\u00e8 animazione o servizi per bambini in spiaggia?<\/span><span class=\"wp-block-getwid-accordion__icon is-active\"><i class=\"fas fa-plus\"><\/i><\/span><span class=\"wp-block-getwid-accordion__icon is-passive\"><i class=\"fas fa-minus\"><\/i><\/span><\/a><\/span><\/div><div class=\"wp-block-getwid-accordion__content-wrapper\"><div class=\"wp-block-getwid-accordion__content\">\n<p>Lo stabilimento convenzionato <a href=\"https:\/\/bagnoholidayvillage.it\" type=\"link\" id=\"https:\/\/bagnoholidayvillage.it\">Holiday Village<\/a> offre animazione e servizi family-friendly; per informazioni dettagliate visita il sito.<\/p>\n<\/div><\/div>\n<\/div>\n\n\n\n<h2 class=\"wp-block-heading\">\ud83d\udc3e Amici a 4 Zampe<\/h2>\n\n\n\n<div class=\"wp-block-getwid-accordion has-icon-left\" data-active-element=\"none\">\n<div class=\"wp-block-getwid-accordion__header-wrapper\"><span class=\"wp-block-getwid-accordion__header\"><a href=\"#\"><span class=\"wp-block-getwid-accordion__header-title\">Accettate animali?<\/span><span class=\"wp-block-getwid-accordion__icon is-active\"><i class=\"fas fa-plus\"><\/i><\/span><span class=\"wp-block-getwid-accordion__icon is-passive\"><i class=\"fas fa-minus\"><\/i><\/span><\/a><\/span><\/div><div class=\"wp-block-getwid-accordion__content-wrapper\"><div class=\"wp-block-getwid-accordion__content\">\n<p>S\u00ec, i cani sono i benvenuti nel nostro Hotel. \u00c8 previsto un supplemento.<\/p>\n<\/div><\/div>\n<\/div>\n\n\n\n<div class=\"wp-block-getwid-accordion has-icon-left\" data-active-element=\"none\">\n<div class=\"wp-block-getwid-accordion__header-wrapper\"><span class=\"wp-block-getwid-accordion__header\"><a href=\"#\"><span class=\"wp-block-getwid-accordion__header-title\">In quali ambienti posso portare il cane?<\/span><span class=\"wp-block-getwid-accordion__icon is-active\"><i class=\"fas fa-plus\"><\/i><\/span><span class=\"wp-block-getwid-accordion__icon is-passive\"><i class=\"fas fa-minus\"><\/i><\/span><\/a><\/span><\/div><div class=\"wp-block-getwid-accordion__content-wrapper\"><div class=\"wp-block-getwid-accordion__content\">\n<p>Gli animali sono ammessi in tutte aree esterne dell&#8217;hotel e negli ambienti comuni ad eccezione di:<\/p>\n\n\n\n<ul class=\"wp-block-list\">\n<li>Non&nbsp;\u00e8 possibile accedere con il cane nella sala ristorante e colazioni durante i pasti&nbsp;<\/li>\n\n\n\n<li>Non&nbsp;\u00e8 consentito l\u2019accesso nell\u2019area piscina<\/li>\n<\/ul>\n<\/div><\/div>\n\n\n\n<div class=\"wp-block-getwid-accordion__header-wrapper\"><span class=\"wp-block-getwid-accordion__header\"><a href=\"#\"><span class=\"wp-block-getwid-accordion__header-title\">Posso portare il cane in spiaggia?<\/span><span class=\"wp-block-getwid-accordion__icon is-active\"><i class=\"fas fa-plus\"><\/i><\/span><span class=\"wp-block-getwid-accordion__icon is-passive\"><i class=\"fas fa-minus\"><\/i><\/span><\/a><\/span><\/div><div class=\"wp-block-getwid-accordion__content-wrapper\"><div class=\"wp-block-getwid-accordion__content\">\n<p>Secondo il regolamento comunale, la spiaggia \u00e8 accessibile fino alle 08:00 e dopo le 21:00.<\/p>\n\n\n\n<p>Il Bagno Katia, situato di fronte all&#8217;Hotel,&nbsp;ammette i cagnolini sotto l&#8217;ombrellone anche durante il giorno. Per informazioni 0544\/991148&nbsp;<\/p>\n<\/div><\/div>\n<\/div>\n\n\n\n<h2 class=\"wp-block-heading\">\ud83d\udcb6 Tassa di Soggiorno<\/h2>\n\n\n\n<div class=\"wp-block-getwid-accordion has-icon-left\" data-active-element=\"none\">\n<div class=\"wp-block-getwid-accordion__header-wrapper\"><span class=\"wp-block-getwid-accordion__header\"><a href=\"#\"><span class=\"wp-block-getwid-accordion__header-title\">La tassa di soggiorno \u00e8 inclusa?<\/span><span class=\"wp-block-getwid-accordion__icon is-active\"><i class=\"fas fa-plus\"><\/i><\/span><span class=\"wp-block-getwid-accordion__icon is-passive\"><i class=\"fas fa-minus\"><\/i><\/span><\/a><\/span><\/div><div class=\"wp-block-getwid-accordion__content-wrapper\"><div class=\"wp-block-getwid-accordion__content\">\n<p>No, la Tassa di Soggiorno applicata dal Comune di Cervia \u00e8 sempre esclusa dai prezzi indicati nell&#8217;offerta.<\/p>\n<\/div><\/div>\n<\/div>\n\n\n\n<div class=\"wp-block-getwid-accordion has-icon-left\" data-active-element=\"none\">\n<div class=\"wp-block-getwid-accordion__header-wrapper\"><span class=\"wp-block-getwid-accordion__header\"><a href=\"#\"><span class=\"wp-block-getwid-accordion__header-title\">Quanto costa?<\/span><span class=\"wp-block-getwid-accordion__icon is-active\"><i class=\"fas fa-plus\"><\/i><\/span><span class=\"wp-block-getwid-accordion__icon is-passive\"><i class=\"fas fa-minus\"><\/i><\/span><\/a><\/span><\/div><div class=\"wp-block-getwid-accordion__content-wrapper\"><div class=\"wp-block-getwid-accordion__content\">\n<p>\u20ac3 a notte per persona adulta (bambini under 14 esenti). Applicata su un massimo di 7 notti.<\/p>\n<\/div><\/div>\n<\/div>\n\n\n\n<h2 class=\"wp-block-heading\">\ud83d\udcc4 Prenotazioni e Condizioni<\/h2>\n\n\n\n<div class=\"wp-block-getwid-accordion has-icon-left\" data-active-element=\"none\">\n<div class=\"wp-block-getwid-accordion__header-wrapper\"><span class=\"wp-block-getwid-accordion__header\"><a href=\"#\"><span class=\"wp-block-getwid-accordion__header-title\">Quando \u00e8 confermata la prenotazione?<\/span><span class=\"wp-block-getwid-accordion__icon is-active\"><i class=\"fas fa-plus\"><\/i><\/span><span class=\"wp-block-getwid-accordion__icon is-passive\"><i class=\"fas fa-minus\"><\/i><\/span><\/a><\/span><\/div><div class=\"wp-block-getwid-accordion__content-wrapper\"><div class=\"wp-block-getwid-accordion__content\">\n<p>La prenotazione diventa definitiva dopo la nostra conferma scritta e il versamento della caparra confirmatoria.<\/p>\n<\/div><\/div>\n<\/div>\n\n\n\n<div class=\"wp-block-getwid-accordion has-icon-left\" data-active-element=\"none\">\n<div class=\"wp-block-getwid-accordion__header-wrapper\"><span class=\"wp-block-getwid-accordion__header\"><a href=\"#\"><span class=\"wp-block-getwid-accordion__header-title\">Esiste una politica di cancellazione?<\/span><span class=\"wp-block-getwid-accordion__icon is-active\"><i class=\"fas fa-plus\"><\/i><\/span><span class=\"wp-block-getwid-accordion__icon is-passive\"><i class=\"fas fa-minus\"><\/i><\/span><\/a><\/span><\/div><div class=\"wp-block-getwid-accordion__content-wrapper\"><div class=\"wp-block-getwid-accordion__content\">\n<p>La cancellazione \u00e8 gratuita fino a 14 giorni prima dell&#8217;arrivo.<\/p>\n<\/div><\/div>\n<\/div>\n\n\n\n<div class=\"wp-block-getwid-accordion has-icon-left\" data-active-element=\"none\">\n<div class=\"wp-block-getwid-accordion__header-wrapper\"><span class=\"wp-block-getwid-accordion__header\"><a href=\"#\"><span class=\"wp-block-getwid-accordion__header-title\">E se cancello oltre tale termine?<\/span><span class=\"wp-block-getwid-accordion__icon is-active\"><i class=\"fas fa-plus\"><\/i><\/span><span class=\"wp-block-getwid-accordion__icon is-passive\"><i class=\"fas fa-minus\"><\/i><\/span><\/a><\/span><\/div><div class=\"wp-block-getwid-accordion__content-wrapper\"><div class=\"wp-block-getwid-accordion__content\">\n<p>La caparra viene trattenuta e l&#8217;hotel pu\u00f2 addebitare l&#8217;intero importo del soggiorno.<\/p>\n<\/div><\/div>\n<\/div>\n\n\n\n<p><\/p>\n","protected":false},"excerpt":{"rendered":"<p>Stai pensando di prenotare la tua vacanza all&#8217;Hotel Benini ma vuoi qualche informazione in pi\u00f9? In questa pagina trovi alcune informazioni utili per il tuo soggiorno come: orari di check-in e check-out, servizi inclusi, parcheggio, spiaggia, animali e condizioni di prenotazione. \ud83c\udfe8 Soggiornare all&#8217;Hotel Benini \ud83d\udd51 Check-in e Check-out \ud83d\udccd Parcheggio e Arrivo \ud83c\udf7d\ufe0f Ristorante [&hellip;]<\/p>\n","protected":false},"author":1,"featured_media":3640,"parent":0,"menu_order":0,"comment_status":"closed","ping_status":"closed","template":"","meta":{"_acf_changed":false,"footnotes":""},"class_list":["post-3980","page","type-page","status-publish","has-post-thumbnail","hentry"],"acf":[],"_links":{"self":[{"href":"https:\/\/www.hotelbenini.it\/it\/wp-json\/wp\/v2\/pages\/3980","targetHints":{"allow":["GET"]}}],"collection":[{"href":"https:\/\/www.hotelbenini.it\/it\/wp-json\/wp\/v2\/pages"}],"about":[{"href":"https:\/\/www.hotelbenini.it\/it\/wp-json\/wp\/v2\/types\/page"}],"author":[{"embeddable":true,"href":"https:\/\/www.hotelbenini.it\/it\/wp-json\/wp\/v2\/users\/1"}],"replies":[{"embeddable":true,"href":"https:\/\/www.hotelbenini.it\/it\/wp-json\/wp\/v2\/comments?post=3980"}],"version-history":[{"count":5,"href":"https:\/\/www.hotelbenini.it\/it\/wp-json\/wp\/v2\/pages\/3980\/revisions"}],"predecessor-version":[{"id":3999,"href":"https:\/\/www.hotelbenini.it\/it\/wp-json\/wp\/v2\/pages\/3980\/revisions\/3999"}],"wp:featuredmedia":[{"embeddable":true,"href":"https:\/\/www.hotelbenini.it\/it\/wp-json\/wp\/v2\/media\/3640"}],"wp:attachment":[{"href":"https:\/\/www.hotelbenini.it\/it\/wp-json\/wp\/v2\/media?parent=3980"}],"curies":[{"name":"wp","href":"https:\/\/api.w.org\/{rel}","templated":true}]}}