{"id":2615,"date":"2021-03-01T09:00:00","date_gmt":"2021-03-31T20:52:41","guid":{"rendered":"https:\/\/www.hotelbenini.it\/?page_id=2615"},"modified":"2026-02-10T18:42:17","modified_gmt":"2026-02-10T17:42:17","slug":"ueber-uns","status":"publish","type":"page","link":"https:\/\/www.hotelbenini.it\/de\/ueber-uns\/","title":{"rendered":"\u00dcber uns"},"content":{"rendered":"\n<div class=\"wp-block-getwid-section alignfull alignfull getwid-margin-top-none getwid-margin-bottom-none\"><div class=\"wp-block-getwid-section__wrapper getwid-padding-top-none getwid-padding-bottom-none getwid-padding-left-medium getwid-padding-right-medium getwid-padding-mobile-left-small getwid-padding-mobile-right-small\"><div class=\"wp-block-getwid-section__inner-wrapper\"><div class=\"wp-block-getwid-section__background-holder\"><div class=\"wp-block-getwid-section__background\"><\/div><div class=\"wp-block-getwid-section__foreground\"><\/div><\/div><div class=\"wp-block-getwid-section__content\"><div class=\"wp-block-getwid-section__inner-content\">\n<div class=\"wp-block-columns has-2-columns is-layout-flex wp-container-core-columns-is-layout-9d6595d7 wp-block-columns-is-layout-flex\">\n<div class=\"wp-block-column is-layout-flow wp-block-column-is-layout-flow\">\n<div class=\"wp-block-getwid-advanced-heading is-style-style-1 has-custom-font-size\" style=\"font-size:12px;margin-bottom:0px\"><p class=\"wp-block-getwid-advanced-heading__content\" style=\"letter-spacing:0.1em\">IHR ZUHAUSE AM MEER<\/p><\/div>\n\n\n\n<div class=\"wp-block-getwid-advanced-heading is-style-default\" style=\"margin-top:10px\"><h2 class=\"wp-block-getwid-advanced-heading__content\">Willkommen im Hotel Benini<\/h2><\/div>\n\n\n\n<p><\/p>\n<\/div>\n\n\n\n<div class=\"wp-block-column is-layout-flow wp-block-column-is-layout-flow\">\n<p>Das Hotel liegt direkt am Meer in einer ruhigen Seitenstra\u00dfe in der gr\u00fcnsten Gegend von Mailand Marittima und nur wenige hundert Meter vom eleganten Zentrum und den Gesch\u00e4ften entfernt.<\/p>\n\n\n\n<p>Das Restaurant befindet sich im ersten Stock des Geb\u00e4udes und bietet einen unvergleichlichen Blick auf das Meer. Die Zimmer befinden sich in den oberen Etagen, w\u00e4hrend sich die Suiten in der obersten Etage befinden. Alle Zimmer bieten einen herrlichen Blick auf das Meer, der von den umliegenden Geb\u00e4uden nicht behindert wird.<\/p>\n<\/div>\n<\/div>\n<\/div><\/div><\/div><\/div><\/div>\n\n\n\n<div class=\"wp-block-getwid-section alignfull alignfull getwid-margin-top-none getwid-margin-bottom-none\"><div class=\"wp-block-getwid-section__wrapper getwid-padding-top-normal getwid-padding-left-medium getwid-padding-right-medium getwid-padding-mobile-left-small getwid-padding-mobile-right-small\" style=\"padding-bottom:40px\"><div class=\"wp-block-getwid-section__inner-wrapper\"><div class=\"wp-block-getwid-section__background-holder\"><div class=\"wp-block-getwid-section__background\"><\/div><div class=\"wp-block-getwid-section__foreground\"><\/div><\/div><div class=\"wp-block-getwid-section__content\"><div class=\"wp-block-getwid-section__inner-content\">\n<div class=\"wp-block-columns has-2-columns is-layout-flex wp-container-core-columns-is-layout-9d6595d7 wp-block-columns-is-layout-flex\">\n<div class=\"wp-block-column is-layout-flow wp-block-column-is-layout-flow\">\n<figure class=\"wp-block-image size-large\"><img loading=\"lazy\" decoding=\"async\" width=\"1024\" height=\"768\" src=\"https:\/\/www.hotelbenini.it\/wp-content\/uploads\/2021\/03\/hb_197-1024x768.jpg\" alt=\"\" class=\"wp-image-2151\" srcset=\"https:\/\/www.hotelbenini.it\/wp-content\/uploads\/2021\/03\/hb_197-1024x768.jpg 1024w, https:\/\/www.hotelbenini.it\/wp-content\/uploads\/2021\/03\/hb_197-300x225.jpg 300w, https:\/\/www.hotelbenini.it\/wp-content\/uploads\/2021\/03\/hb_197-768x576.jpg 768w, https:\/\/www.hotelbenini.it\/wp-content\/uploads\/2021\/03\/hb_197-1536x1152.jpg 1536w, https:\/\/www.hotelbenini.it\/wp-content\/uploads\/2021\/03\/hb_197-2048x1536.jpg 2048w, https:\/\/www.hotelbenini.it\/wp-content\/uploads\/2021\/03\/hb_197-1170x878.jpg 1170w\" sizes=\"auto, (max-width: 1024px) 100vw, 1024px\" \/><\/figure>\n<\/div>\n\n\n\n<div class=\"wp-block-column is-layout-flow wp-block-column-is-layout-flow\">\n<figure class=\"wp-block-image size-large\"><img decoding=\"async\" src=\"https:\/\/www.hotelbenini.it\/wp-content\/uploads\/2021\/03\/hb_221.jpg\" alt=\"\" class=\"wp-image-2670\"\/><\/figure>\n<\/div>\n<\/div>\n\n\n\n<figure class=\"wp-block-pullquote is-style-solid-color\"><blockquote><p>Ein Aufenthalt im Hotel Benini in Mailand Marittima bedeutet, von einer vertrauten, aber gleichzeitig raffinierten Umgebung umgeben zu sein, in der der Gast immer herzlich willkommen ist.<\/p><\/blockquote><\/figure>\n<\/div><\/div><\/div><\/div><\/div>\n\n\n\n<div class=\"wp-block-getwid-section alignfull alignfull getwid-margin-top-none\" style=\"margin-bottom:83px\"><div class=\"wp-block-getwid-section__wrapper getwid-padding-top-none getwid-padding-bottom-none getwid-padding-left-medium getwid-padding-right-medium getwid-padding-mobile-left-small getwid-padding-mobile-right-small\"><div class=\"wp-block-getwid-section__inner-wrapper\"><div class=\"wp-block-getwid-section__background-holder\"><div class=\"wp-block-getwid-section__background\"><\/div><div class=\"wp-block-getwid-section__foreground\"><\/div><\/div><div class=\"wp-block-getwid-section__content\"><div class=\"wp-block-getwid-section__inner-content\">\n<div class=\"wp-block-getwid-banner has-animation-style4\"><a href=\"https:\/\/www.hotelbenini.it\/de\/unsere-dienstleistungen\/\" class=\"wp-block-getwid-banner__link\"><div class=\"wp-block-getwid-banner__wrapper\"><img loading=\"lazy\" decoding=\"async\" width=\"2400\" height=\"1350\" src=\"https:\/\/www.hotelbenini.it\/wp-content\/uploads\/2021\/03\/hb_191.jpg\" alt=\"\" class=\"wp-block-getwid-banner__image wp-block-getwid-banner__source wp-image-2133\" srcset=\"https:\/\/www.hotelbenini.it\/wp-content\/uploads\/2021\/03\/hb_191.jpg 2400w, https:\/\/www.hotelbenini.it\/wp-content\/uploads\/2021\/03\/hb_191-300x169.jpg 300w, https:\/\/www.hotelbenini.it\/wp-content\/uploads\/2021\/03\/hb_191-1024x576.jpg 1024w, https:\/\/www.hotelbenini.it\/wp-content\/uploads\/2021\/03\/hb_191-768x432.jpg 768w, https:\/\/www.hotelbenini.it\/wp-content\/uploads\/2021\/03\/hb_191-1536x864.jpg 1536w, https:\/\/www.hotelbenini.it\/wp-content\/uploads\/2021\/03\/hb_191-2048x1152.jpg 2048w, https:\/\/www.hotelbenini.it\/wp-content\/uploads\/2021\/03\/hb_191-1170x658.jpg 1170w\" sizes=\"auto, (max-width: 2400px) 100vw, 2400px\" \/><div class=\"wp-block-getwid-banner__caption\"><div class=\"wp-block-getwid-banner__caption-wrapper\"><span class=\"wp-block-getwid-banner__title\">Unsere Dienstleistungen<\/span><p class=\"wp-block-getwid-banner__text\">F\u00fcr Ihre Entspannung und Ihren Sport inmitten der Natur finden Sie den jahrhundertealten Kiefernwald von Milano Marittima, den Naturpark Cervia, den Adria Golf Club und das Reitzentrum Le Siepi. F\u00fcr Ihr Wohlbefinden spezielle Pakete mit den Cervia Thermalb\u00e4dern.<\/p><\/div><\/div><\/div><\/a><\/div>\n<\/div><\/div><\/div><\/div><\/div>\n\n\n\n<div class=\"wp-block-getwid-section alignfull alignfull getwid-margin-top-none getwid-margin-bottom-none\"><div class=\"wp-block-getwid-section__wrapper getwid-padding-top-none getwid-padding-bottom-none getwid-padding-left-medium getwid-padding-right-medium getwid-padding-mobile-left-small getwid-padding-mobile-right-small\"><div class=\"wp-block-getwid-section__inner-wrapper\"><div class=\"wp-block-getwid-section__background-holder\"><div class=\"wp-block-getwid-section__background\"><\/div><div class=\"wp-block-getwid-section__foreground\"><\/div><\/div><div class=\"wp-block-getwid-section__content\"><div class=\"wp-block-getwid-section__inner-content\">\n<div class=\"wp-block-columns has-2-columns is-layout-flex wp-container-core-columns-is-layout-9d6595d7 wp-block-columns-is-layout-flex\">\n<div class=\"wp-block-column is-layout-flow wp-block-column-is-layout-flow\">\n<div class=\"wp-block-getwid-advanced-heading is-style-style-1 has-custom-font-size\" style=\"font-size:12px;margin-bottom:0px\"><p class=\"wp-block-getwid-advanced-heading__content\" style=\"letter-spacing:0.1em\">ENTDECKE DEN CHARME<\/p><\/div>\n\n\n\n<div class=\"wp-block-getwid-advanced-heading is-style-default\" style=\"margin-top:10px\"><h2 class=\"wp-block-getwid-advanced-heading__content\">Zimmer und Suiten<\/h2><\/div>\n<\/div>\n\n\n\n<div class=\"wp-block-column is-layout-flow wp-block-column-is-layout-flow\">\n<p>Die fein eingerichteten Zimmer sind einladend und ger\u00e4umig und mit Klimaanlage, Sat-TV mit Sky, Minibar, Telefon, Haartrockner, Badezimmer mit Dusche, Safe, Balkon und herrlichem Blick auf das Meer ausgestattet.<\/p>\n\n\n\n<p>In der obersten Etage, umgeben von einer riesigen Terrasse mit Blick auf das Meer von Mailand Marittima, k\u00f6nnen Sie in unseren pr\u00e4chtigen Suiten \u00fcbernachten, die mit allem Komfort ausgestattet sind.<\/p>\n<\/div>\n<\/div>\n<\/div><\/div><\/div><\/div><\/div>\n\n\n\n<div class=\"wp-block-getwid-section alignfull alignfull getwid-margin-top-none getwid-margin-bottom-normal\"><div class=\"wp-block-getwid-section__wrapper getwid-padding-top-normal getwid-padding-bottom-normal getwid-padding-left-medium getwid-padding-right-medium getwid-padding-mobile-left-small getwid-padding-mobile-right-small\"><div class=\"wp-block-getwid-section__inner-wrapper\"><div class=\"wp-block-getwid-section__background-holder\"><div class=\"wp-block-getwid-section__background\"><\/div><div class=\"wp-block-getwid-section__foreground\"><\/div><\/div><div class=\"wp-block-getwid-section__content\"><div class=\"wp-block-getwid-section__inner-content\">\n<div class=\"wp-block-columns has-2-columns is-layout-flex wp-container-core-columns-is-layout-9d6595d7 wp-block-columns-is-layout-flex\">\n<div class=\"wp-block-column is-layout-flow wp-block-column-is-layout-flow\">\n<div class=\"wp-block-getwid-images-stack is-layout-zeta\"><div class=\"wp-block-getwid-images-stack__wrapper\"><div class=\"wp-block-getwid-images-stack__chunk\"><div class=\"wp-block-getwid-images-stack__media-wrapper\"><div class=\"wp-block-getwid-images-stack__media-inner-wrapper\"><img loading=\"lazy\" decoding=\"async\" width=\"2400\" height=\"1600\" class=\"wp-block-getwid-images-stack__media wp-image-1863\" src=\"https:\/\/www.hotelbenini.it\/wp-content\/uploads\/2021\/03\/hb_139.jpg\" data-id=\"1863\" data-link=\"https:\/\/www.hotelbenini.it\/it\/camere\/suite\/attachment\/suite_camera3_cropped-2\/\" srcset=\"https:\/\/www.hotelbenini.it\/wp-content\/uploads\/2021\/03\/hb_139.jpg 2400w, https:\/\/www.hotelbenini.it\/wp-content\/uploads\/2021\/03\/hb_139-300x200.jpg 300w, https:\/\/www.hotelbenini.it\/wp-content\/uploads\/2021\/03\/hb_139-1024x683.jpg 1024w, https:\/\/www.hotelbenini.it\/wp-content\/uploads\/2021\/03\/hb_139-768x512.jpg 768w, https:\/\/www.hotelbenini.it\/wp-content\/uploads\/2021\/03\/hb_139-1536x1024.jpg 1536w, https:\/\/www.hotelbenini.it\/wp-content\/uploads\/2021\/03\/hb_139-2048x1365.jpg 2048w, https:\/\/www.hotelbenini.it\/wp-content\/uploads\/2021\/03\/hb_139-1170x780.jpg 1170w\" sizes=\"auto, (max-width: 2400px) 100vw, 2400px\" \/><\/div><\/div><div class=\"wp-block-getwid-images-stack__media-wrapper\"><div class=\"wp-block-getwid-images-stack__media-inner-wrapper\"><img loading=\"lazy\" decoding=\"async\" width=\"2388\" height=\"1600\" class=\"wp-block-getwid-images-stack__media wp-image-1893\" src=\"https:\/\/www.hotelbenini.it\/wp-content\/uploads\/2019\/06\/hb_148.jpg\" data-id=\"1893\" data-link=\"https:\/\/www.hotelbenini.it\/it\/camere\/family-deluxe\/attachment\/familydeluxe_camera_cropped-2\/\" srcset=\"https:\/\/www.hotelbenini.it\/wp-content\/uploads\/2019\/06\/hb_148.jpg 2388w, https:\/\/www.hotelbenini.it\/wp-content\/uploads\/2019\/06\/hb_148-300x201.jpg 300w, https:\/\/www.hotelbenini.it\/wp-content\/uploads\/2019\/06\/hb_148-1024x686.jpg 1024w, https:\/\/www.hotelbenini.it\/wp-content\/uploads\/2019\/06\/hb_148-768x515.jpg 768w, https:\/\/www.hotelbenini.it\/wp-content\/uploads\/2019\/06\/hb_148-1536x1029.jpg 1536w, https:\/\/www.hotelbenini.it\/wp-content\/uploads\/2019\/06\/hb_148-2048x1372.jpg 2048w, https:\/\/www.hotelbenini.it\/wp-content\/uploads\/2019\/06\/hb_148-1170x784.jpg 1170w\" sizes=\"auto, (max-width: 2388px) 100vw, 2388px\" \/><\/div><\/div><div class=\"wp-block-getwid-images-stack__media-wrapper\"><div class=\"wp-block-getwid-images-stack__media-inner-wrapper\"><img loading=\"lazy\" decoding=\"async\" width=\"2397\" height=\"1600\" class=\"wp-block-getwid-images-stack__media wp-image-1842\" src=\"https:\/\/www.hotelbenini.it\/wp-content\/uploads\/2019\/06\/hb_132.jpg\" data-id=\"1842\" data-link=\"https:\/\/www.hotelbenini.it\/it\/camere\/est\/attachment\/est_camera_cropped-2\/\" srcset=\"https:\/\/www.hotelbenini.it\/wp-content\/uploads\/2019\/06\/hb_132.jpg 2397w, https:\/\/www.hotelbenini.it\/wp-content\/uploads\/2019\/06\/hb_132-300x200.jpg 300w, https:\/\/www.hotelbenini.it\/wp-content\/uploads\/2019\/06\/hb_132-1024x684.jpg 1024w, https:\/\/www.hotelbenini.it\/wp-content\/uploads\/2019\/06\/hb_132-768x513.jpg 768w, https:\/\/www.hotelbenini.it\/wp-content\/uploads\/2019\/06\/hb_132-1536x1025.jpg 1536w, https:\/\/www.hotelbenini.it\/wp-content\/uploads\/2019\/06\/hb_132-2048x1367.jpg 2048w, https:\/\/www.hotelbenini.it\/wp-content\/uploads\/2019\/06\/hb_132-1170x781.jpg 1170w\" sizes=\"auto, (max-width: 2397px) 100vw, 2397px\" \/><\/div><\/div><\/div><\/div><\/div>\n<\/div>\n\n\n\n<div class=\"wp-block-column is-layout-flow wp-block-column-is-layout-flow\">\n<div class=\"wp-block-getwid-images-stack\"><div class=\"wp-block-getwid-images-stack__wrapper\"><div class=\"wp-block-getwid-images-stack__chunk\"><div class=\"wp-block-getwid-images-stack__media-wrapper\"><div class=\"wp-block-getwid-images-stack__media-inner-wrapper\"><img loading=\"lazy\" decoding=\"async\" width=\"2400\" height=\"1600\" class=\"wp-block-getwid-images-stack__media wp-image-1857\" src=\"https:\/\/www.hotelbenini.it\/wp-content\/uploads\/2021\/03\/hb_137.jpg\" data-id=\"1855\" data-link=\"https:\/\/www.hotelbenini.it\/it\/accommodation\/suite\/attachment\/suite_camera_cropped\/\" srcset=\"https:\/\/www.hotelbenini.it\/wp-content\/uploads\/2021\/03\/hb_137.jpg 2400w, https:\/\/www.hotelbenini.it\/wp-content\/uploads\/2021\/03\/hb_137-300x200.jpg 300w, https:\/\/www.hotelbenini.it\/wp-content\/uploads\/2021\/03\/hb_137-1024x683.jpg 1024w, https:\/\/www.hotelbenini.it\/wp-content\/uploads\/2021\/03\/hb_137-768x512.jpg 768w, https:\/\/www.hotelbenini.it\/wp-content\/uploads\/2021\/03\/hb_137-1536x1024.jpg 1536w, https:\/\/www.hotelbenini.it\/wp-content\/uploads\/2021\/03\/hb_137-2048x1365.jpg 2048w, https:\/\/www.hotelbenini.it\/wp-content\/uploads\/2021\/03\/hb_137-1170x780.jpg 1170w\" sizes=\"auto, (max-width: 2400px) 100vw, 2400px\" \/><\/div><\/div><div class=\"wp-block-getwid-images-stack__media-wrapper\"><div class=\"wp-block-getwid-images-stack__media-inner-wrapper\"><img loading=\"lazy\" decoding=\"async\" width=\"486\" height=\"729\" class=\"wp-block-getwid-images-stack__media wp-image-1325\" src=\"https:\/\/www.hotelbenini.it\/wp-content\/uploads\/2021\/03\/hb_038.jpg\" data-id=\"1323\" data-link=\"https:\/\/www.hotelbenini.it\/it\/about\/attachment\/piscine\/\" srcset=\"https:\/\/www.hotelbenini.it\/wp-content\/uploads\/2021\/03\/hb_038.jpg 486w, https:\/\/www.hotelbenini.it\/wp-content\/uploads\/2021\/03\/hb_038-200x300.jpg 200w\" sizes=\"auto, (max-width: 486px) 100vw, 486px\" \/><\/div><\/div><div class=\"wp-block-getwid-images-stack__media-wrapper\"><div class=\"wp-block-getwid-images-stack__media-inner-wrapper\"><img loading=\"lazy\" decoding=\"async\" width=\"2400\" height=\"1600\" class=\"wp-block-getwid-images-stack__media wp-image-1890\" src=\"https:\/\/www.hotelbenini.it\/wp-content\/uploads\/2021\/03\/hb_147.jpg\" data-id=\"1888\" data-link=\"https:\/\/www.hotelbenini.it\/it\/accommodation\/nord-deluxe\/attachment\/norddeluxe_vista_cropped\/\" srcset=\"https:\/\/www.hotelbenini.it\/wp-content\/uploads\/2021\/03\/hb_147.jpg 2400w, https:\/\/www.hotelbenini.it\/wp-content\/uploads\/2021\/03\/hb_147-300x200.jpg 300w, https:\/\/www.hotelbenini.it\/wp-content\/uploads\/2021\/03\/hb_147-1024x683.jpg 1024w, https:\/\/www.hotelbenini.it\/wp-content\/uploads\/2021\/03\/hb_147-768x512.jpg 768w, https:\/\/www.hotelbenini.it\/wp-content\/uploads\/2021\/03\/hb_147-1536x1024.jpg 1536w, https:\/\/www.hotelbenini.it\/wp-content\/uploads\/2021\/03\/hb_147-2048x1365.jpg 2048w, https:\/\/www.hotelbenini.it\/wp-content\/uploads\/2021\/03\/hb_147-1170x780.jpg 1170w\" sizes=\"auto, (max-width: 2400px) 100vw, 2400px\" \/><\/div><\/div><\/div><\/div><\/div>\n<\/div>\n<\/div>\n\n\n\n<figure class=\"wp-block-pullquote\"><blockquote><p>Dank seiner Eckposition genie\u00dft unser Hotel von jedem Zimmer aus einen weiten Blick auf die Adria, der von den umliegenden Geb\u00e4uden nicht behindert wird.<\/p><\/blockquote><\/figure>\n<\/div><\/div><\/div><\/div><\/div>\n\n\n\n<div class=\"wp-block-getwid-section alignfull alignfull getwid-margin-top-none getwid-margin-bottom-none\"><div class=\"wp-block-getwid-section__wrapper getwid-padding-top-none getwid-padding-bottom-none getwid-padding-left-medium getwid-padding-right-medium getwid-padding-mobile-left-small getwid-padding-mobile-right-small\"><div class=\"wp-block-getwid-section__inner-wrapper\"><div class=\"wp-block-getwid-section__background-holder\"><div class=\"wp-block-getwid-section__background\"><\/div><div class=\"wp-block-getwid-section__foreground\"><\/div><\/div><div class=\"wp-block-getwid-section__content\"><div class=\"wp-block-getwid-section__inner-content\">\n<div class=\"wp-block-columns has-2-columns is-layout-flex wp-container-core-columns-is-layout-9d6595d7 wp-block-columns-is-layout-flex\">\n<div class=\"wp-block-column is-layout-flow wp-block-column-is-layout-flow\">\n<div class=\"wp-block-getwid-advanced-heading is-style-style-1 has-custom-font-size\" style=\"font-size:12px;margin-bottom:0px\"><p class=\"wp-block-getwid-advanced-heading__content\" style=\"text-transform:uppercase;letter-spacing:0.1em\">Eine lange Generationsgeschichte<\/p><\/div>\n\n\n\n<div class=\"wp-block-getwid-advanced-heading is-style-default\" style=\"margin-top:10px\"><h2 class=\"wp-block-getwid-advanced-heading__content\">Die Geschichte des Hotels Benini<\/h2><\/div>\n\n\n\n<div class=\"wp-block-getwid-section\"><div class=\"wp-block-getwid-section__wrapper\"><div class=\"wp-block-getwid-section__inner-wrapper\"><div class=\"wp-block-getwid-section__background-holder\"><div class=\"wp-block-getwid-section__background\"><\/div><div class=\"wp-block-getwid-section__foreground\"><\/div><\/div><div class=\"wp-block-getwid-section__content\"><div class=\"wp-block-getwid-section__inner-content\">\n<p class=\"has-grey-color has-text-color\">Das Benini Hotel wurde 1967 in der sch\u00f6nsten Lage an der K\u00fcste von Cervese erbaut. Seine Eckposition ist einzigartig an der gesamten K\u00fcste.<\/p>\n\n\n\n<p class=\"has-grey-color has-text-color\">Es befindet sich seit 1994 im Besitz der Familie Matteoni und wurde vollst\u00e4ndig renoviert und modernisiert, wobei die grundlegende Eigenschaft beibehalten wurde: Ein exklusives Hotel mit famili\u00e4rer Atmosph\u00e4re, in dem Sie sich mit einem L\u00e4cheln willkommen f\u00fchlen k\u00f6nnen.<\/p>\n\n\n\n<p class=\"has-grey-color has-text-color\">Unsere Familie von Hoteliers begann in den 40er Jahren, als unsere Gro\u00dfmutter Angelina ihre Villa Paola f\u00fcr die ersten Touristen in der Romagna \u00f6ffnete.<\/p>\n\n\n\n<p><a href=\"https:\/\/www.hotelbenini.it\/it\/blog\/hotel-benini-la-nostra-storia-inizia-nel-1968\/\">Unsere Geschichte beginnt im Jahr 1968 ><\/a><\/p>\n<\/div><\/div><\/div><\/div><\/div>\n<\/div>\n\n\n\n<div class=\"wp-block-column is-layout-flow wp-block-column-is-layout-flow\">\n<figure class=\"wp-block-image size-large\"><img loading=\"lazy\" decoding=\"async\" width=\"480\" height=\"640\" src=\"https:\/\/www.hotelbenini.it\/wp-content\/uploads\/2021\/03\/hb_208.jpg\" alt=\"\" class=\"wp-image-2322\" srcset=\"https:\/\/www.hotelbenini.it\/wp-content\/uploads\/2021\/03\/hb_208.jpg 480w, https:\/\/www.hotelbenini.it\/wp-content\/uploads\/2021\/03\/hb_208-225x300.jpg 225w\" sizes=\"auto, (max-width: 480px) 100vw, 480px\" \/><\/figure>\n<\/div>\n<\/div>\n\n\n\n<div style=\"height:75px\" aria-hidden=\"true\" class=\"wp-block-spacer\"><\/div>\n<\/div><\/div><\/div><\/div><\/div>\n","protected":false},"excerpt":{"rendered":"<p>Das Hotel Benini ist die richtige Wahl f\u00fcr G\u00e4ste, die eine perfekte Kombination aus Charme, Eleganz und einer privilegierten Lage suchen, um das Meer und den Strand voll auszunutzen.<\/p>\n","protected":false},"author":1,"featured_media":1457,"parent":0,"menu_order":0,"comment_status":"closed","ping_status":"closed","template":"","meta":{"_acf_changed":false,"footnotes":""},"class_list":["post-2615","page","type-page","status-publish","has-post-thumbnail","hentry"],"acf":[],"_links":{"self":[{"href":"https:\/\/www.hotelbenini.it\/de\/wp-json\/wp\/v2\/pages\/2615","targetHints":{"allow":["GET"]}}],"collection":[{"href":"https:\/\/www.hotelbenini.it\/de\/wp-json\/wp\/v2\/pages"}],"about":[{"href":"https:\/\/www.hotelbenini.it\/de\/wp-json\/wp\/v2\/types\/page"}],"author":[{"embeddable":true,"href":"https:\/\/www.hotelbenini.it\/de\/wp-json\/wp\/v2\/users\/1"}],"replies":[{"embeddable":true,"href":"https:\/\/www.hotelbenini.it\/de\/wp-json\/wp\/v2\/comments?post=2615"}],"version-history":[{"count":5,"href":"https:\/\/www.hotelbenini.it\/de\/wp-json\/wp\/v2\/pages\/2615\/revisions"}],"predecessor-version":[{"id":3940,"href":"https:\/\/www.hotelbenini.it\/de\/wp-json\/wp\/v2\/pages\/2615\/revisions\/3940"}],"wp:featuredmedia":[{"embeddable":true,"href":"https:\/\/www.hotelbenini.it\/de\/wp-json\/wp\/v2\/media\/1457"}],"wp:attachment":[{"href":"https:\/\/www.hotelbenini.it\/de\/wp-json\/wp\/v2\/media?parent=2615"}],"curies":[{"name":"wp","href":"https:\/\/api.w.org\/{rel}","templated":true}]}}